{"id":5064,"date":"2022-03-29T13:55:43","date_gmt":"2022-03-29T11:55:43","guid":{"rendered":"https:\/\/hitachi-appliances.eu\/vacuum-insulation-panel\/"},"modified":"2023-05-01T10:49:09","modified_gmt":"2023-05-01T08:49:09","slug":"vakuum-isolations-paneel","status":"publish","type":"page","link":"https:\/\/hitachi-appliances.eu\/de\/vakuum-isolations-paneel\/","title":{"rendered":"Vakuumisolationspaneel"},"content":{"rendered":"<p>[vc_row rt_row_background_width=&#8220;fullwidth&#8220; rt_row_content_width=&#8220;default&#8220; rt_row_style=&#8220;default-style&#8220; rt_row_height=&#8220;&#8220; rt_column_gaps=&#8220;&#8220; rt_row_shadows=&#8220;&#8220; rt_row_borders=&#8220;&#8220; rt_bg_effect=&#8220;classic&#8220; rt_bg_image_repeat=&#8220;repeat&#8220; rt_bg_size=&#8220;cover&#8220; rt_bg_position=&#8220;right top&#8220; rt_bg_attachment=&#8220;scroll&#8220; rt_bg_layer=&#8220;&#8220; rt_bg_video_format=&#8220;self-hosted&#8220; rt_class=&#8220;rt-8777210&#8243; class=&#8220;title-row&#8220; rt_paddings=&#8220;,,,&#8220; rt_margins=&#8220;,,,&#8220; rt_content_margins=&#8220;,,,&#8220; rt_tablet_paddings=&#8220;,,,&#8220; rt_tablet_margins=&#8220;,,,&#8220; rt_tablet_content_margins=&#8220;,,,&#8220; rt_sp_paddings=&#8220;,,,&#8220; rt_sp_margins=&#8220;,,,&#8220; rt_sp_content_margins=&#8220;,,,&#8220;][vc_column rt_bg_effect=&#8220;classic&#8220; rt_bg_image_repeat=&#8220;repeat&#8220; rt_bg_size=&#8220;auto auto&#8220; rt_bg_position=&#8220;right top&#8220; rt_bg_attachment=&#8220;scroll&#8220;]<div class=\"rt-heading-wrapper text-center rt-1281765\">\n\t\t\t\t\t\t<h1 class=\"rt-heading\" >VIP \u2013 Vakuumisolationspaneel-Technologie<\/h1>\n\t\t\t\t\t<\/div>[\/vc_column][\/vc_row][vc_row css_animation=&#8220;fadeIn&#8220; rt_row_background_width=&#8220;fullwidth&#8220; rt_row_content_width=&#8220;default&#8220; rt_row_style=&#8220;default-style&#8220; rt_row_height=&#8220;&#8220; rt_column_placement=&#8220;middle&#8220; rt_column_gaps=&#8220;&#8220; rt_row_shadows=&#8220;&#8220; rt_row_borders=&#8220;&#8220; rt_bg_effect=&#8220;classic&#8220; rt_bg_image_repeat=&#8220;repeat&#8220; rt_bg_size=&#8220;cover&#8220; rt_bg_position=&#8220;right top&#8220; rt_bg_attachment=&#8220;scroll&#8220; rt_bg_layer=&#8220;&#8220; rt_bg_video_format=&#8220;self-hosted&#8220; rt_class=&#8220;rt-2387665&#8243; rt_paddings=&#8220;50,,,&#8220; rt_margins=&#8220;,,,&#8220; rt_content_margins=&#8220;,,,&#8220; rt_tablet_paddings=&#8220;,,,&#8220; rt_tablet_margins=&#8220;,,,&#8220; rt_tablet_content_margins=&#8220;,,,&#8220; rt_sp_paddings=&#8220;,,,&#8220; rt_sp_margins=&#8220;,,,&#8220; rt_sp_content_margins=&#8220;,,,&#8220;][vc_column width=&#8220;1\/2&#8243; rt_bg_effect=&#8220;classic&#8220; rt_bg_image_repeat=&#8220;repeat&#8220; rt_bg_size=&#8220;auto auto&#8220; rt_bg_position=&#8220;right top&#8220; rt_bg_attachment=&#8220;scroll&#8220;][vc_single_image image=&#8220;112&#8243; img_size=&#8220;full&#8220; alignment=&#8220;center&#8220;][\/vc_column][vc_column width=&#8220;1\/2&#8243; rt_bg_effect=&#8220;classic&#8220; rt_bg_image_repeat=&#8220;repeat&#8220; rt_bg_size=&#8220;auto auto&#8220; rt_bg_position=&#8220;right top&#8220; rt_bg_attachment=&#8220;scroll&#8220;][vc_raw_html el_class=&#8220;title_box-2&#8243;]JTNDaDMlM0VWYWt1dW1pc29sYXRpb25zcGFuZWVsJTIwVGVjaG5vbG9naWUlM0MlMkZoMyUzRSUwQQ==[\/vc_raw_html][vc_column_text]VIP ist eine d\u00fcnne Platte aus sehr feinem vakuumiertem Fiberglas, die sich auf der Innenseite des Ger\u00e4ts befindet. Dies gew\u00e4hrleistet eine extrem hohe W\u00e4rmed\u00e4mmleistung, die weit \u00fcber der eines herk\u00f6mmlichen D\u00e4mmstoffes liegt. Es verhindert, dass externe W\u00e4rme auf das Ger\u00e4t einwirkt, und dank dieser Technik erzielen wir au\u00dfergew\u00f6hnliche Energieeinsparungen. Die K\u00fchlerhaltung betr\u00e4gt 15 Stunden, damit haben die Hitachi-Ger\u00e4te die h\u00f6chste W\u00e4rmed\u00e4mmleistung bei Stromausfall.[\/vc_column_text][\/vc_column][\/vc_row][vc_row css_animation=&#8220;fadeInUp&#8220; rt_row_background_width=&#8220;fullwidth&#8220; rt_row_content_width=&#8220;default&#8220; rt_row_style=&#8220;default-style&#8220; rt_row_height=&#8220;&#8220; rt_column_placement=&#8220;middle&#8220; rt_column_gaps=&#8220;&#8220; rt_row_shadows=&#8220;&#8220; rt_row_borders=&#8220;&#8220; rt_bg_effect=&#8220;classic&#8220; rt_bg_image_repeat=&#8220;repeat&#8220; rt_bg_size=&#8220;cover&#8220; rt_bg_position=&#8220;right top&#8220; rt_bg_attachment=&#8220;scroll&#8220; rt_bg_layer=&#8220;&#8220; rt_bg_video_format=&#8220;self-hosted&#8220; rt_class=&#8220;rt-1545334&#8243; rt_paddings=&#8220;,,,&#8220; rt_margins=&#8220;,,,&#8220; rt_content_margins=&#8220;,,,&#8220; rt_tablet_paddings=&#8220;,,,&#8220; rt_tablet_margins=&#8220;,,,&#8220; rt_tablet_content_margins=&#8220;,,,&#8220; rt_sp_paddings=&#8220;,,,&#8220; rt_sp_margins=&#8220;,,,&#8220; rt_sp_content_margins=&#8220;,,,&#8220; class=&#8220;highlight-tekstrow&#8220;][vc_column width=&#8220;2\/3&#8243; rt_bg_effect=&#8220;classic&#8220; rt_bg_image_repeat=&#8220;repeat&#8220; rt_bg_size=&#8220;auto auto&#8220; rt_bg_position=&#8220;right top&#8220; rt_bg_attachment=&#8220;scroll&#8220; rt_class=&#8220;rt-9402707&#8243; rt_margins=&#8220;,&#8220; rt_paddings=&#8220;,,,&#8220; rt_wrapper_paddings=&#8220;,,,&#8220; rt_tablet_margins=&#8220;,&#8220; rt_tablet_paddings=&#8220;,,,&#8220; rt_tablet_wrapper_paddings=&#8220;,,,&#8220; rt_sp_margins=&#8220;,&#8220; rt_sp_paddings=&#8220;,,,&#8220; rt_sp_wrapper_paddings=&#8220;,,,&#8220; rt_bg_color=&#8220;&#8220; rt_bg_overlay_color=&#8220;&#8220; class=&#8220;highlight-tekst-1 VIP-span&#8220;][vc_single_image image=&#8220;393&#8243; img_size=&#8220;full&#8220;][vc_column_text]Durch den Einsatz von Doppell\u00fcftern wird sowohl im Gefrierteil als auch im K\u00fchlfach optimal gek\u00fchlt, bei einem Ger\u00e4t mit Einzell\u00fcfter deutlich weniger. Die verbesserte Dual Fan Cooling spart Energie in Kombination mit einer leistungsstarken K\u00fchlung, unterst\u00fctzt durch die Eco Thermo-Sensors, die jederzeit Temperatur\u00e4nderungen erkennen.[\/vc_column_text][vc_raw_html]JTNDc3BhbiUyMHN0eWxlJTNEJTIyJTIwcGFkZGluZyUzQSUyMDBweCUyMDIwcHglM0IlMjBmb250LWZhbWlseSUzQSUyMCUyN3BvcHBpbnMlMjclM0IlMjBmb250LXdlaWdodCUzQSUyMGJvbGQlM0IlMjBmb250LXNpemUlM0ElMjAzMHB4JTNCJTIwdGV4dC1hbGlnbiUzQSUyMGNlbnRlciUzQiUyMGJhY2tncm91bmQtY29sb3IlM0ElMjAlMjNlOGU4ZTglM0IlMjIlM0VFbmVyZ2llJTIwc3BhcmVuJTNDJTJGc3BhbiUzRSUwQSUzQ3NwYW4lMjBzdHlsZSUzRCUyMiUyMHBhZGRpbmclM0ElMjAwcHglMjAyMHB4JTNCJTIwZm9udC1mYW1pbHklM0ElMjAlMjdwb3BwaW5zJTI3JTNCJTIwZm9udC13ZWlnaHQlM0ElMjBib2xkJTNCJTIwZm9udC1zaXplJTNBJTIwMzBweCUzQiUyMHRleHQtYWxpZ24lM0ElMjBjZW50ZXIlM0IlMjBiYWNrZ3JvdW5kLWNvbG9yJTNBJTIwJTIzZThlOGU4JTNCJTIyJTNFTGVpc3R1bmdzc3RhcmtlJTIwSyVDMyVCQ2hsdW5nJTNDJTJGc3BhbiUzRSUwQSUzQ3NwYW4lMjBzdHlsZSUzRCUyMiUyMHBhZGRpbmclM0ElMjAwcHglMjAyMHB4JTNCJTIwZm9udC1mYW1pbHklM0ElMjAlMjdwb3BwaW5zJTI3JTNCJTIwZm9udC13ZWlnaHQlM0ElMjBib2xkJTNCJTIwZm9udC1zaXplJTNBJTIwMzBweCUzQiUyMHRleHQtYWxpZ24lM0ElMjBjZW50ZXIlM0IlMjBiYWNrZ3JvdW5kLWNvbG9yJTNBJTIwJTIzZThlOGU4JTNCJTIyJTNFU3RhYmlsaXNhdG9yZnJlaSUzQyUyRnNwYW4lM0UlMEElM0NzcGFuJTIwc3R5bGUlM0QlMjIlMjBwYWRkaW5nJTNBJTIwMHB4JTIwMjBweCUzQiUyMGZvbnQtZmFtaWx5JTNBJTIwJTI3cG9wcGlucyUyNyUzQiUyMGZvbnQtd2VpZ2h0JTNBJTIwYm9sZCUzQiUyMGZvbnQtc2l6ZSUzQSUyMDMwcHglM0IlMjB0ZXh0LWFsaWduJTNBJTIwY2VudGVyJTNCJTIwYmFja2dyb3VuZC1jb2xvciUzQSUyMCUyM2U4ZThlOCUzQiUyMiUzRUxhbmdlciUyMENvb2wlMjBLZWVwZXIlMjAlMjgxNSUyMFN0dW5kZW4lMjklM0MlMkZzcGFuJTNF[\/vc_raw_html][\/vc_column][vc_column width=&#8220;1\/3&#8243; rt_bg_effect=&#8220;classic&#8220; rt_bg_image_repeat=&#8220;repeat&#8220; rt_bg_size=&#8220;auto auto&#8220; rt_bg_position=&#8220;right top&#8220; rt_bg_attachment=&#8220;scroll&#8220; rt_class=&#8220;rt-4067378&#8243; class=&#8220;highlight-tekst-2&#8243; rt_margins=&#8220;,&#8220; rt_paddings=&#8220;,,,&#8220; rt_wrapper_paddings=&#8220;,,,&#8220; rt_tablet_margins=&#8220;,&#8220; rt_tablet_paddings=&#8220;,,,&#8220; rt_tablet_wrapper_paddings=&#8220;,,,&#8220; rt_sp_margins=&#8220;,&#8220; rt_sp_paddings=&#8220;,,,&#8220; rt_sp_wrapper_paddings=&#8220;,,,&#8220; rt_bg_color=&#8220;&#8220; rt_bg_overlay_color=&#8220;&#8220;][vc_single_image image=&#8220;265&#8243; img_size=&#8220;full&#8220; alignment=&#8220;center&#8220;][\/vc_column][\/vc_row]<\/p>\n","protected":false},"excerpt":{"rendered":"<p>[vc_row rt_row_background_width=&#8220;fullwidth&#8220; rt_row_content_width=&#8220;default&#8220; rt_row_style=&#8220;default-style&#8220; rt_row_height=&#8220;&#8220; rt_column_gaps=&#8220;&#8220; rt_row_shadows=&#8220;&#8220; rt_row_borders=&#8220;&#8220; rt_bg_effect=&#8220;classic&#8220; rt_bg_image_repeat=&#8220;repeat&#8220; rt_bg_size=&#8220;cover&#8220; rt_bg_position=&#8220;right top&#8220; rt_bg_attachment=&#8220;scroll&#8220; rt_bg_layer=&#8220;&#8220; rt_bg_video_format=&#8220;self-hosted&#8220; rt_class=&#8220;rt-8777210&#8243; class=&#8220;title-row&#8220; rt_paddings=&#8220;,,,&#8220; rt_margins=&#8220;,,,&#8220; rt_content_margins=&#8220;,,,&#8220; rt_tablet_paddings=&#8220;,,,&#8220; rt_tablet_margins=&#8220;,,,&#8220; rt_tablet_content_margins=&#8220;,,,&#8220; rt_sp_paddings=&#8220;,,,&#8220; rt_sp_margins=&#8220;,,,&#8220; rt_sp_content_margins=&#8220;,,,&#8220;][vc_column rt_bg_effect=&#8220;classic&#8220; rt_bg_image_repeat=&#8220;repeat&#8220; rt_bg_size=&#8220;auto auto&#8220; rt_bg_position=&#8220;right top&#8220; rt_bg_attachment=&#8220;scroll&#8220;][\/vc_column][\/vc_row][vc_row css_animation=&#8220;fadeIn&#8220; rt_row_background_width=&#8220;fullwidth&#8220; rt_row_content_width=&#8220;default&#8220; rt_row_style=&#8220;default-style&#8220; rt_row_height=&#8220;&#8220; rt_column_placement=&#8220;middle&#8220; rt_column_gaps=&#8220;&#8220; rt_row_shadows=&#8220;&#8220; rt_row_borders=&#8220;&#8220; rt_bg_effect=&#8220;classic&#8220; rt_bg_image_repeat=&#8220;repeat&#8220; rt_bg_size=&#8220;cover&#8220; rt_bg_position=&#8220;right top&#8220; rt_bg_attachment=&#8220;scroll&#8220; rt_bg_layer=&#8220;&#8220; rt_bg_video_format=&#8220;self-hosted&#8220; rt_class=&#8220;rt-2387665&#8243; rt_paddings=&#8220;50,,,&#8220; rt_margins=&#8220;,,,&#8220; rt_content_margins=&#8220;,,,&#8220; [&hellip;]<\/p>\n","protected":false},"author":1,"featured_media":0,"parent":0,"menu_order":0,"comment_status":"closed","ping_status":"closed","template":"","meta":{"inline_featured_image":false,"footnotes":""},"class_list":["post-5064","page","type-page","status-publish","hentry"],"yoast_head":"<!-- This site is optimized with the Yoast SEO plugin v24.5 - https:\/\/yoast.com\/wordpress\/plugins\/seo\/ -->\n<title>Vakuumisolationspaneel - Hitachi Appliances<\/title>\n<meta name=\"description\" content=\"De koelkasten van Hitachi Appliances zijn voorzien van de nieuwste technieken en functionaliteiten, zoals het vacu\u00fcm insulation panel.\" \/>\n<meta name=\"robots\" content=\"index, follow, max-snippet:-1, max-image-preview:large, max-video-preview:-1\" \/>\n<link rel=\"canonical\" href=\"https:\/\/hitachi-appliances.eu\/de\/vakuum-isolations-paneel\/\" \/>\n<meta property=\"og:locale\" content=\"de_DE\" \/>\n<meta property=\"og:type\" content=\"article\" \/>\n<meta property=\"og:title\" content=\"Vakuumisolationspaneel - Hitachi Appliances\" \/>\n<meta property=\"og:description\" content=\"De koelkasten van Hitachi Appliances zijn voorzien van de nieuwste technieken en functionaliteiten, zoals het vacu\u00fcm insulation panel.\" \/>\n<meta property=\"og:url\" content=\"https:\/\/hitachi-appliances.eu\/de\/vakuum-isolations-paneel\/\" \/>\n<meta property=\"og:site_name\" content=\"Hitachi Appliances\" \/>\n<meta property=\"article:modified_time\" content=\"2023-05-01T08:49:09+00:00\" \/>\n<meta name=\"twitter:card\" content=\"summary_large_image\" \/>\n<meta name=\"twitter:label1\" content=\"Gesch\u00e4tzte Lesezeit\" \/>\n\t<meta name=\"twitter:data1\" content=\"2\u00a0Minuten\" \/>\n<script type=\"application\/ld+json\" class=\"yoast-schema-graph\">{\"@context\":\"https:\/\/schema.org\",\"@graph\":[{\"@type\":\"WebPage\",\"@id\":\"https:\/\/hitachi-appliances.eu\/de\/vakuum-isolations-paneel\/\",\"url\":\"https:\/\/hitachi-appliances.eu\/de\/vakuum-isolations-paneel\/\",\"name\":\"Vakuumisolationspaneel - Hitachi Appliances\",\"isPartOf\":{\"@id\":\"https:\/\/hitachi-appliances.eu\/#website\"},\"datePublished\":\"2022-03-29T11:55:43+00:00\",\"dateModified\":\"2023-05-01T08:49:09+00:00\",\"description\":\"De koelkasten van Hitachi Appliances zijn voorzien van de nieuwste technieken en functionaliteiten, zoals het vacu\u00fcm insulation panel.\",\"breadcrumb\":{\"@id\":\"https:\/\/hitachi-appliances.eu\/de\/vakuum-isolations-paneel\/#breadcrumb\"},\"inLanguage\":\"de\",\"potentialAction\":[{\"@type\":\"ReadAction\",\"target\":[\"https:\/\/hitachi-appliances.eu\/de\/vakuum-isolations-paneel\/\"]}]},{\"@type\":\"BreadcrumbList\",\"@id\":\"https:\/\/hitachi-appliances.eu\/de\/vakuum-isolations-paneel\/#breadcrumb\",\"itemListElement\":[{\"@type\":\"ListItem\",\"position\":1,\"name\":\"Home\",\"item\":\"https:\/\/hitachi-appliances.eu\/de\/\"},{\"@type\":\"ListItem\",\"position\":2,\"name\":\"Vakuumisolationspaneel\"}]},{\"@type\":\"WebSite\",\"@id\":\"https:\/\/hitachi-appliances.eu\/#website\",\"url\":\"https:\/\/hitachi-appliances.eu\/\",\"name\":\"Hitachi Appliances\",\"description\":\"\",\"potentialAction\":[{\"@type\":\"SearchAction\",\"target\":{\"@type\":\"EntryPoint\",\"urlTemplate\":\"https:\/\/hitachi-appliances.eu\/?s={search_term_string}\"},\"query-input\":{\"@type\":\"PropertyValueSpecification\",\"valueRequired\":true,\"valueName\":\"search_term_string\"}}],\"inLanguage\":\"de\"}]}<\/script>\n<!-- \/ Yoast SEO plugin. -->","yoast_head_json":{"title":"Vakuumisolationspaneel - Hitachi Appliances","description":"De koelkasten van Hitachi Appliances zijn voorzien van de nieuwste technieken en functionaliteiten, zoals het vacu\u00fcm insulation panel.","robots":{"index":"index","follow":"follow","max-snippet":"max-snippet:-1","max-image-preview":"max-image-preview:large","max-video-preview":"max-video-preview:-1"},"canonical":"https:\/\/hitachi-appliances.eu\/de\/vakuum-isolations-paneel\/","og_locale":"de_DE","og_type":"article","og_title":"Vakuumisolationspaneel - Hitachi Appliances","og_description":"De koelkasten van Hitachi Appliances zijn voorzien van de nieuwste technieken en functionaliteiten, zoals het vacu\u00fcm insulation panel.","og_url":"https:\/\/hitachi-appliances.eu\/de\/vakuum-isolations-paneel\/","og_site_name":"Hitachi Appliances","article_modified_time":"2023-05-01T08:49:09+00:00","twitter_card":"summary_large_image","twitter_misc":{"Gesch\u00e4tzte Lesezeit":"2\u00a0Minuten"},"schema":{"@context":"https:\/\/schema.org","@graph":[{"@type":"WebPage","@id":"https:\/\/hitachi-appliances.eu\/de\/vakuum-isolations-paneel\/","url":"https:\/\/hitachi-appliances.eu\/de\/vakuum-isolations-paneel\/","name":"Vakuumisolationspaneel - Hitachi Appliances","isPartOf":{"@id":"https:\/\/hitachi-appliances.eu\/#website"},"datePublished":"2022-03-29T11:55:43+00:00","dateModified":"2023-05-01T08:49:09+00:00","description":"De koelkasten van Hitachi Appliances zijn voorzien van de nieuwste technieken en functionaliteiten, zoals het vacu\u00fcm insulation panel.","breadcrumb":{"@id":"https:\/\/hitachi-appliances.eu\/de\/vakuum-isolations-paneel\/#breadcrumb"},"inLanguage":"de","potentialAction":[{"@type":"ReadAction","target":["https:\/\/hitachi-appliances.eu\/de\/vakuum-isolations-paneel\/"]}]},{"@type":"BreadcrumbList","@id":"https:\/\/hitachi-appliances.eu\/de\/vakuum-isolations-paneel\/#breadcrumb","itemListElement":[{"@type":"ListItem","position":1,"name":"Home","item":"https:\/\/hitachi-appliances.eu\/de\/"},{"@type":"ListItem","position":2,"name":"Vakuumisolationspaneel"}]},{"@type":"WebSite","@id":"https:\/\/hitachi-appliances.eu\/#website","url":"https:\/\/hitachi-appliances.eu\/","name":"Hitachi Appliances","description":"","potentialAction":[{"@type":"SearchAction","target":{"@type":"EntryPoint","urlTemplate":"https:\/\/hitachi-appliances.eu\/?s={search_term_string}"},"query-input":{"@type":"PropertyValueSpecification","valueRequired":true,"valueName":"search_term_string"}}],"inLanguage":"de"}]}},"_links":{"self":[{"href":"https:\/\/hitachi-appliances.eu\/de\/wp-json\/wp\/v2\/pages\/5064","targetHints":{"allow":["GET"]}}],"collection":[{"href":"https:\/\/hitachi-appliances.eu\/de\/wp-json\/wp\/v2\/pages"}],"about":[{"href":"https:\/\/hitachi-appliances.eu\/de\/wp-json\/wp\/v2\/types\/page"}],"author":[{"embeddable":true,"href":"https:\/\/hitachi-appliances.eu\/de\/wp-json\/wp\/v2\/users\/1"}],"replies":[{"embeddable":true,"href":"https:\/\/hitachi-appliances.eu\/de\/wp-json\/wp\/v2\/comments?post=5064"}],"version-history":[{"count":5,"href":"https:\/\/hitachi-appliances.eu\/de\/wp-json\/wp\/v2\/pages\/5064\/revisions"}],"predecessor-version":[{"id":5069,"href":"https:\/\/hitachi-appliances.eu\/de\/wp-json\/wp\/v2\/pages\/5064\/revisions\/5069"}],"wp:attachment":[{"href":"https:\/\/hitachi-appliances.eu\/de\/wp-json\/wp\/v2\/media?parent=5064"}],"curies":[{"name":"wp","href":"https:\/\/api.w.org\/{rel}","templated":true}]}}