{"id":5081,"date":"2022-03-30T10:53:09","date_gmt":"2022-03-30T08:53:09","guid":{"rendered":"https:\/\/hitachi-appliances.eu\/vers-bewaren\/"},"modified":"2023-05-01T11:19:16","modified_gmt":"2023-05-01T09:19:16","slug":"frisch-halten","status":"publish","type":"page","link":"https:\/\/hitachi-appliances.eu\/de\/frisch-halten\/","title":{"rendered":"Frisch halten"},"content":{"rendered":"<p>[vc_row rt_row_background_width=&#8220;fullwidth&#8220; rt_row_content_width=&#8220;default&#8220; rt_row_style=&#8220;default-style&#8220; rt_row_height=&#8220;&#8220; rt_column_gaps=&#8220;&#8220; rt_row_shadows=&#8220;&#8220; rt_row_borders=&#8220;&#8220; rt_bg_effect=&#8220;classic&#8220; rt_bg_image_repeat=&#8220;repeat&#8220; rt_bg_size=&#8220;cover&#8220; rt_bg_position=&#8220;right top&#8220; rt_bg_attachment=&#8220;scroll&#8220; rt_bg_layer=&#8220;&#8220; rt_bg_video_format=&#8220;self-hosted&#8220; rt_class=&#8220;rt-2105166&#8243; class=&#8220;title-row&#8220; rt_paddings=&#8220;,,,&#8220; rt_margins=&#8220;,,,&#8220; rt_content_margins=&#8220;,,,&#8220; rt_tablet_paddings=&#8220;,,,&#8220; rt_tablet_margins=&#8220;,,,&#8220; rt_tablet_content_margins=&#8220;,,,&#8220; rt_sp_paddings=&#8220;,,,&#8220; rt_sp_margins=&#8220;,,,&#8220; rt_sp_content_margins=&#8220;,,,&#8220;][vc_column rt_bg_effect=&#8220;classic&#8220; rt_bg_image_repeat=&#8220;repeat&#8220; rt_bg_size=&#8220;auto auto&#8220; rt_bg_position=&#8220;right top&#8220; rt_bg_attachment=&#8220;scroll&#8220;]<div class=\"rt-heading-wrapper text-center rt-7890144\">\n\t\t\t\t\t\t<h1 class=\"rt-heading\" >Frisch halten<\/h1>\n\t\t\t\t\t<\/div>[\/vc_column][\/vc_row][vc_row rt_row_background_width=&#8220;fullwidth&#8220; rt_row_content_width=&#8220;default&#8220; rt_row_style=&#8220;default-style&#8220; rt_row_height=&#8220;&#8220; rt_column_gaps=&#8220;&#8220; rt_row_shadows=&#8220;&#8220; rt_row_borders=&#8220;&#8220; rt_bg_effect=&#8220;classic&#8220; rt_bg_image_repeat=&#8220;repeat&#8220; rt_bg_size=&#8220;cover&#8220; rt_bg_position=&#8220;right top&#8220; rt_bg_attachment=&#8220;scroll&#8220; rt_bg_layer=&#8220;&#8220; rt_bg_video_format=&#8220;self-hosted&#8220; rt_class=&#8220;rt-4951347&#8243; rt_paddings=&#8220;50,50,,&#8220; rt_margins=&#8220;,,,&#8220; rt_content_margins=&#8220;,,,&#8220; rt_tablet_paddings=&#8220;,,,&#8220; rt_tablet_margins=&#8220;,,,&#8220; rt_tablet_content_margins=&#8220;,,,&#8220; rt_sp_paddings=&#8220;,,,&#8220; rt_sp_margins=&#8220;,,,&#8220; rt_sp_content_margins=&#8220;,,,&#8220;][vc_column css_animation=&#8220;fadeInLeft&#8220; width=&#8220;1\/2&#8243; rt_bg_effect=&#8220;classic&#8220; rt_bg_image_repeat=&#8220;repeat&#8220; rt_bg_size=&#8220;auto auto&#8220; rt_bg_position=&#8220;right top&#8220; rt_bg_attachment=&#8220;scroll&#8220; rt_class=&#8220;rt-4320734&#8243; rt_margins=&#8220;,&#8220; rt_paddings=&#8220;,,,&#8220; rt_wrapper_paddings=&#8220;,,,&#8220; rt_tablet_margins=&#8220;,&#8220; rt_tablet_paddings=&#8220;,,,&#8220; rt_tablet_wrapper_paddings=&#8220;,,,&#8220; rt_sp_margins=&#8220;,&#8220; rt_sp_paddings=&#8220;,,,&#8220; rt_sp_wrapper_paddings=&#8220;,,,&#8220; rt_bg_color=&#8220;&#8220; rt_bg_overlay_color=&#8220;&#8220;][vc_single_image image=&#8220;669&#8243; img_size=&#8220;full&#8220; alignment=&#8220;center&#8220;][vc_raw_html el_class=&#8220;title_box-2&#8243;]JTNDaDMlM0VIYWx0ZW4lMjBTaWUlMjBJaHIlMjBHZW0lQzMlQkNzZSUyMGZyaXNjaCUyMHVuZCUyMG9yZ2FuaXNpZXJ0JTNDJTJGaDMlM0UlMEElM0NoNCUzRUV4dHJhJTIwbGFuZ2UlMjBGcmlzY2hlJTIwZGFuayUyMGluZGlyZWt0ZXIlMjBLJUMzJUJDaGx1bmcuJTNDJTJGaDQlM0U=[\/vc_raw_html][vc_column_text]F\u00fcr die langfristige Aufbewahrung Ihres Gem\u00fcses unter Erhalt der Frische. Dank indirekter K\u00fchlung und einer Luftfeuchtigkeit von ca. 90 %* bleibt Ihr Gem\u00fcse extra lange frisch. Eine Geruchs\u00fcbertragung findet nicht statt, da die Schubladen komplett geschlossen sind und der Trip Power Filter immer f\u00fcr saubere Luft sorgt.[\/vc_column_text][\/vc_column][vc_column css_animation=&#8220;fadeInRight&#8220; width=&#8220;1\/2&#8243; rt_bg_effect=&#8220;classic&#8220; rt_bg_image_repeat=&#8220;repeat&#8220; rt_bg_size=&#8220;auto auto&#8220; rt_bg_position=&#8220;right top&#8220; rt_bg_attachment=&#8220;scroll&#8220; rt_class=&#8220;rt-8048046&#8243; rt_margins=&#8220;,&#8220; rt_paddings=&#8220;,,,&#8220; rt_wrapper_paddings=&#8220;,,,&#8220; rt_tablet_margins=&#8220;,&#8220; rt_tablet_paddings=&#8220;,,,&#8220; rt_tablet_wrapper_paddings=&#8220;,,,&#8220; rt_sp_margins=&#8220;,&#8220; rt_sp_paddings=&#8220;,,,&#8220; rt_sp_wrapper_paddings=&#8220;,,,&#8220; rt_bg_color=&#8220;&#8220; rt_bg_overlay_color=&#8220;&#8220;][vc_single_image image=&#8220;396&#8243; img_size=&#8220;full&#8220; alignment=&#8220;center&#8220;][vc_raw_html el_class=&#8220;title_box-2&#8243;]JTNDaDMlM0VWZXJzdGVsbGJhcmVzJTIwVGFibGV0dCUzQyUyRmgzJTNFJTBBJTNDaDQlM0VGYWxsJTIwYXVzdyVDMyVBNGhsZW4lMjAlMjhUcm9ja2VuZnV0dGVyJTIwb2RlciUyMEdlbSVDMyVCQ3NlJTI5JTNDJTJGaDQlM0U=[\/vc_raw_html][vc_column_text]Die perfekte Schublade zur Aufbewahrung von Trockenfutter oder Gem\u00fcse, je nach Bedarf verstellbar.[\/vc_column_text][\/vc_column][\/vc_row]<\/p>\n","protected":false},"excerpt":{"rendered":"<p>[vc_row rt_row_background_width=&#8220;fullwidth&#8220; rt_row_content_width=&#8220;default&#8220; rt_row_style=&#8220;default-style&#8220; rt_row_height=&#8220;&#8220; rt_column_gaps=&#8220;&#8220; rt_row_shadows=&#8220;&#8220; rt_row_borders=&#8220;&#8220; rt_bg_effect=&#8220;classic&#8220; rt_bg_image_repeat=&#8220;repeat&#8220; rt_bg_size=&#8220;cover&#8220; rt_bg_position=&#8220;right top&#8220; rt_bg_attachment=&#8220;scroll&#8220; rt_bg_layer=&#8220;&#8220; rt_bg_video_format=&#8220;self-hosted&#8220; rt_class=&#8220;rt-2105166&#8243; class=&#8220;title-row&#8220; rt_paddings=&#8220;,,,&#8220; rt_margins=&#8220;,,,&#8220; rt_content_margins=&#8220;,,,&#8220; rt_tablet_paddings=&#8220;,,,&#8220; rt_tablet_margins=&#8220;,,,&#8220; rt_tablet_content_margins=&#8220;,,,&#8220; rt_sp_paddings=&#8220;,,,&#8220; rt_sp_margins=&#8220;,,,&#8220; rt_sp_content_margins=&#8220;,,,&#8220;][vc_column rt_bg_effect=&#8220;classic&#8220; rt_bg_image_repeat=&#8220;repeat&#8220; rt_bg_size=&#8220;auto auto&#8220; rt_bg_position=&#8220;right top&#8220; rt_bg_attachment=&#8220;scroll&#8220;][\/vc_column][\/vc_row][vc_row rt_row_background_width=&#8220;fullwidth&#8220; rt_row_content_width=&#8220;default&#8220; rt_row_style=&#8220;default-style&#8220; rt_row_height=&#8220;&#8220; rt_column_gaps=&#8220;&#8220; rt_row_shadows=&#8220;&#8220; rt_row_borders=&#8220;&#8220; rt_bg_effect=&#8220;classic&#8220; rt_bg_image_repeat=&#8220;repeat&#8220; rt_bg_size=&#8220;cover&#8220; rt_bg_position=&#8220;right top&#8220; rt_bg_attachment=&#8220;scroll&#8220; rt_bg_layer=&#8220;&#8220; rt_bg_video_format=&#8220;self-hosted&#8220; rt_class=&#8220;rt-4951347&#8243; rt_paddings=&#8220;50,50,,&#8220; rt_margins=&#8220;,,,&#8220; rt_content_margins=&#8220;,,,&#8220; rt_tablet_paddings=&#8220;,,,&#8220; rt_tablet_margins=&#8220;,,,&#8220; [&hellip;]<\/p>\n","protected":false},"author":1,"featured_media":0,"parent":0,"menu_order":0,"comment_status":"closed","ping_status":"closed","template":"","meta":{"inline_featured_image":false,"footnotes":""},"class_list":["post-5081","page","type-page","status-publish","hentry"],"yoast_head":"<!-- This site is optimized with the Yoast SEO plugin v24.5 - https:\/\/yoast.com\/wordpress\/plugins\/seo\/ -->\n<title>Frisch halten - Hitachi Appliances<\/title>\n<meta name=\"description\" content=\"Vers bewaren is niet langer een issue met de topkoelkasten van Hitachi Appliances. Duurzaam \u00e9n gezond eten wordt u gemakkelijk gemaakt!\" \/>\n<meta name=\"robots\" content=\"index, follow, max-snippet:-1, max-image-preview:large, max-video-preview:-1\" \/>\n<link rel=\"canonical\" href=\"https:\/\/hitachi-appliances.eu\/de\/frisch-halten\/\" \/>\n<meta property=\"og:locale\" content=\"de_DE\" \/>\n<meta property=\"og:type\" content=\"article\" \/>\n<meta property=\"og:title\" content=\"Frisch halten - Hitachi Appliances\" \/>\n<meta property=\"og:description\" content=\"Vers bewaren is niet langer een issue met de topkoelkasten van Hitachi Appliances. Duurzaam \u00e9n gezond eten wordt u gemakkelijk gemaakt!\" \/>\n<meta property=\"og:url\" content=\"https:\/\/hitachi-appliances.eu\/de\/frisch-halten\/\" \/>\n<meta property=\"og:site_name\" content=\"Hitachi Appliances\" \/>\n<meta property=\"article:modified_time\" content=\"2023-05-01T09:19:16+00:00\" \/>\n<meta name=\"twitter:card\" content=\"summary_large_image\" \/>\n<meta name=\"twitter:label1\" content=\"Gesch\u00e4tzte Lesezeit\" \/>\n\t<meta name=\"twitter:data1\" content=\"1\u00a0Minute\" \/>\n<script type=\"application\/ld+json\" class=\"yoast-schema-graph\">{\"@context\":\"https:\/\/schema.org\",\"@graph\":[{\"@type\":\"WebPage\",\"@id\":\"https:\/\/hitachi-appliances.eu\/de\/frisch-halten\/\",\"url\":\"https:\/\/hitachi-appliances.eu\/de\/frisch-halten\/\",\"name\":\"Frisch halten - Hitachi Appliances\",\"isPartOf\":{\"@id\":\"https:\/\/hitachi-appliances.eu\/#website\"},\"datePublished\":\"2022-03-30T08:53:09+00:00\",\"dateModified\":\"2023-05-01T09:19:16+00:00\",\"description\":\"Vers bewaren is niet langer een issue met de topkoelkasten van Hitachi Appliances. Duurzaam \u00e9n gezond eten wordt u gemakkelijk gemaakt!\",\"breadcrumb\":{\"@id\":\"https:\/\/hitachi-appliances.eu\/de\/frisch-halten\/#breadcrumb\"},\"inLanguage\":\"de\",\"potentialAction\":[{\"@type\":\"ReadAction\",\"target\":[\"https:\/\/hitachi-appliances.eu\/de\/frisch-halten\/\"]}]},{\"@type\":\"BreadcrumbList\",\"@id\":\"https:\/\/hitachi-appliances.eu\/de\/frisch-halten\/#breadcrumb\",\"itemListElement\":[{\"@type\":\"ListItem\",\"position\":1,\"name\":\"Home\",\"item\":\"https:\/\/hitachi-appliances.eu\/de\/\"},{\"@type\":\"ListItem\",\"position\":2,\"name\":\"Frisch halten\"}]},{\"@type\":\"WebSite\",\"@id\":\"https:\/\/hitachi-appliances.eu\/#website\",\"url\":\"https:\/\/hitachi-appliances.eu\/\",\"name\":\"Hitachi Appliances\",\"description\":\"\",\"potentialAction\":[{\"@type\":\"SearchAction\",\"target\":{\"@type\":\"EntryPoint\",\"urlTemplate\":\"https:\/\/hitachi-appliances.eu\/?s={search_term_string}\"},\"query-input\":{\"@type\":\"PropertyValueSpecification\",\"valueRequired\":true,\"valueName\":\"search_term_string\"}}],\"inLanguage\":\"de\"}]}<\/script>\n<!-- \/ Yoast SEO plugin. -->","yoast_head_json":{"title":"Frisch halten - Hitachi Appliances","description":"Vers bewaren is niet langer een issue met de topkoelkasten van Hitachi Appliances. Duurzaam \u00e9n gezond eten wordt u gemakkelijk gemaakt!","robots":{"index":"index","follow":"follow","max-snippet":"max-snippet:-1","max-image-preview":"max-image-preview:large","max-video-preview":"max-video-preview:-1"},"canonical":"https:\/\/hitachi-appliances.eu\/de\/frisch-halten\/","og_locale":"de_DE","og_type":"article","og_title":"Frisch halten - Hitachi Appliances","og_description":"Vers bewaren is niet langer een issue met de topkoelkasten van Hitachi Appliances. Duurzaam \u00e9n gezond eten wordt u gemakkelijk gemaakt!","og_url":"https:\/\/hitachi-appliances.eu\/de\/frisch-halten\/","og_site_name":"Hitachi Appliances","article_modified_time":"2023-05-01T09:19:16+00:00","twitter_card":"summary_large_image","twitter_misc":{"Gesch\u00e4tzte Lesezeit":"1\u00a0Minute"},"schema":{"@context":"https:\/\/schema.org","@graph":[{"@type":"WebPage","@id":"https:\/\/hitachi-appliances.eu\/de\/frisch-halten\/","url":"https:\/\/hitachi-appliances.eu\/de\/frisch-halten\/","name":"Frisch halten - Hitachi Appliances","isPartOf":{"@id":"https:\/\/hitachi-appliances.eu\/#website"},"datePublished":"2022-03-30T08:53:09+00:00","dateModified":"2023-05-01T09:19:16+00:00","description":"Vers bewaren is niet langer een issue met de topkoelkasten van Hitachi Appliances. Duurzaam \u00e9n gezond eten wordt u gemakkelijk gemaakt!","breadcrumb":{"@id":"https:\/\/hitachi-appliances.eu\/de\/frisch-halten\/#breadcrumb"},"inLanguage":"de","potentialAction":[{"@type":"ReadAction","target":["https:\/\/hitachi-appliances.eu\/de\/frisch-halten\/"]}]},{"@type":"BreadcrumbList","@id":"https:\/\/hitachi-appliances.eu\/de\/frisch-halten\/#breadcrumb","itemListElement":[{"@type":"ListItem","position":1,"name":"Home","item":"https:\/\/hitachi-appliances.eu\/de\/"},{"@type":"ListItem","position":2,"name":"Frisch halten"}]},{"@type":"WebSite","@id":"https:\/\/hitachi-appliances.eu\/#website","url":"https:\/\/hitachi-appliances.eu\/","name":"Hitachi Appliances","description":"","potentialAction":[{"@type":"SearchAction","target":{"@type":"EntryPoint","urlTemplate":"https:\/\/hitachi-appliances.eu\/?s={search_term_string}"},"query-input":{"@type":"PropertyValueSpecification","valueRequired":true,"valueName":"search_term_string"}}],"inLanguage":"de"}]}},"_links":{"self":[{"href":"https:\/\/hitachi-appliances.eu\/de\/wp-json\/wp\/v2\/pages\/5081","targetHints":{"allow":["GET"]}}],"collection":[{"href":"https:\/\/hitachi-appliances.eu\/de\/wp-json\/wp\/v2\/pages"}],"about":[{"href":"https:\/\/hitachi-appliances.eu\/de\/wp-json\/wp\/v2\/types\/page"}],"author":[{"embeddable":true,"href":"https:\/\/hitachi-appliances.eu\/de\/wp-json\/wp\/v2\/users\/1"}],"replies":[{"embeddable":true,"href":"https:\/\/hitachi-appliances.eu\/de\/wp-json\/wp\/v2\/comments?post=5081"}],"version-history":[{"count":2,"href":"https:\/\/hitachi-appliances.eu\/de\/wp-json\/wp\/v2\/pages\/5081\/revisions"}],"predecessor-version":[{"id":5083,"href":"https:\/\/hitachi-appliances.eu\/de\/wp-json\/wp\/v2\/pages\/5081\/revisions\/5083"}],"wp:attachment":[{"href":"https:\/\/hitachi-appliances.eu\/de\/wp-json\/wp\/v2\/media?parent=5081"}],"curies":[{"name":"wp","href":"https:\/\/api.w.org\/{rel}","templated":true}]}}