{"id":5089,"date":"2022-03-29T14:56:54","date_gmt":"2022-03-29T12:56:54","guid":{"rendered":"https:\/\/hitachi-appliances.eu\/overige-functies\/"},"modified":"2023-05-01T11:26:54","modified_gmt":"2023-05-01T09:26:54","slug":"andere-funktionen","status":"publish","type":"page","link":"https:\/\/hitachi-appliances.eu\/de\/andere-funktionen\/","title":{"rendered":"Andere Funktionen"},"content":{"rendered":"<p>[vc_row rt_row_background_width=&#8220;fullwidth&#8220; rt_row_content_width=&#8220;default&#8220; rt_row_style=&#8220;default-style&#8220; rt_row_height=&#8220;&#8220; rt_column_gaps=&#8220;&#8220; rt_row_shadows=&#8220;&#8220; rt_row_borders=&#8220;&#8220; rt_bg_effect=&#8220;classic&#8220; rt_bg_image_repeat=&#8220;repeat&#8220; rt_bg_size=&#8220;cover&#8220; rt_bg_position=&#8220;right top&#8220; rt_bg_attachment=&#8220;scroll&#8220; rt_bg_layer=&#8220;&#8220; rt_bg_video_format=&#8220;self-hosted&#8220; rt_class=&#8220;rt-2462365&#8243; class=&#8220;title-row&#8220; rt_paddings=&#8220;,,,&#8220; rt_margins=&#8220;,,,&#8220; rt_content_margins=&#8220;,,,&#8220; rt_tablet_paddings=&#8220;,,,&#8220; rt_tablet_margins=&#8220;,,,&#8220; rt_tablet_content_margins=&#8220;,,,&#8220; rt_sp_paddings=&#8220;,,,&#8220; rt_sp_margins=&#8220;,,,&#8220; rt_sp_content_margins=&#8220;,,,&#8220;][vc_column rt_bg_effect=&#8220;classic&#8220; rt_bg_image_repeat=&#8220;repeat&#8220; rt_bg_size=&#8220;auto auto&#8220; rt_bg_position=&#8220;right top&#8220; rt_bg_attachment=&#8220;scroll&#8220;]<div class=\"rt-heading-wrapper text-center rt-1690013\">\n\t\t\t\t\t\t<h1 class=\"rt-heading\" >Andere Funktionen<\/h1>\n\t\t\t\t\t<\/div>[\/vc_column][\/vc_row][vc_row css_animation=&#8220;fadeInUp&#8220; rt_row_background_width=&#8220;fullwidth&#8220; rt_row_content_width=&#8220;default&#8220; rt_row_style=&#8220;default-style&#8220; rt_row_height=&#8220;&#8220; rt_column_gaps=&#8220;&#8220; rt_row_shadows=&#8220;&#8220; rt_row_borders=&#8220;&#8220; rt_bg_effect=&#8220;classic&#8220; rt_bg_image_repeat=&#8220;repeat&#8220; rt_bg_size=&#8220;cover&#8220; rt_bg_position=&#8220;right top&#8220; rt_bg_attachment=&#8220;scroll&#8220; rt_bg_layer=&#8220;&#8220; rt_bg_video_format=&#8220;self-hosted&#8220; rt_class=&#8220;rt-5333114&#8243; rt_paddings=&#8220;50,,,&#8220; rt_margins=&#8220;,,,&#8220; rt_content_margins=&#8220;,,,&#8220; rt_tablet_paddings=&#8220;,,,&#8220; rt_tablet_margins=&#8220;,,,&#8220; rt_tablet_content_margins=&#8220;,,,&#8220; rt_sp_paddings=&#8220;,,,&#8220; rt_sp_margins=&#8220;,,,&#8220; rt_sp_content_margins=&#8220;,,,&#8220;][vc_column width=&#8220;1\/3&#8243; rt_bg_effect=&#8220;classic&#8220; rt_bg_image_repeat=&#8220;repeat&#8220; rt_bg_size=&#8220;auto auto&#8220; rt_bg_position=&#8220;right top&#8220; rt_bg_attachment=&#8220;scroll&#8220; rt_class=&#8220;rt-3662874&#8243; class=&#8220;overig-vak&#8220; rt_margins=&#8220;,&#8220; rt_paddings=&#8220;,,,&#8220; rt_wrapper_paddings=&#8220;,,,&#8220; rt_tablet_margins=&#8220;,&#8220; rt_tablet_paddings=&#8220;,,,&#8220; rt_tablet_wrapper_paddings=&#8220;,,,&#8220; rt_sp_margins=&#8220;,&#8220; rt_sp_paddings=&#8220;,,,&#8220; rt_sp_wrapper_paddings=&#8220;,,,&#8220; rt_bg_color=&#8220;&#8220; rt_bg_overlay_color=&#8220;&#8220;][vc_single_image image=&#8220;599&#8243; img_size=&#8220;full&#8220; alignment=&#8220;center&#8220;][vc_raw_html el_class=&#8220;title_box-2&#8243;]JTNDaDMlM0VTY2huZWxsayVDMyVCQ2hsdW5nJTNDJTJGaDMlM0U=[\/vc_raw_html][vc_column_text]Wenn Sie Produkte schneller und st\u00e4rker k\u00fchlen m\u00f6chten, schalten Sie den Schnellk\u00fchlmodus ein. Dadurch werden Produkte ca. 8 % schneller gek\u00fchlt.[\/vc_column_text][\/vc_column][vc_column width=&#8220;1\/3&#8243; rt_bg_effect=&#8220;classic&#8220; rt_bg_image_repeat=&#8220;repeat&#8220; rt_bg_size=&#8220;auto auto&#8220; rt_bg_position=&#8220;right top&#8220; rt_bg_attachment=&#8220;scroll&#8220; rt_class=&#8220;rt-6592946&#8243; class=&#8220;overig-vak&#8220; rt_margins=&#8220;,&#8220; rt_paddings=&#8220;,,,&#8220; rt_wrapper_paddings=&#8220;,,,&#8220; rt_tablet_margins=&#8220;,&#8220; rt_tablet_paddings=&#8220;,,,&#8220; rt_tablet_wrapper_paddings=&#8220;,,,&#8220; rt_sp_margins=&#8220;,&#8220; rt_sp_paddings=&#8220;,,,&#8220; rt_sp_wrapper_paddings=&#8220;,,,&#8220; rt_bg_color=&#8220;&#8220; rt_bg_overlay_color=&#8220;&#8220;][vc_single_image image=&#8220;598&#8243; img_size=&#8220;full&#8220; alignment=&#8220;center&#8220;][vc_raw_html el_class=&#8220;title_box-2&#8243;]JTNDaDMlM0VFbGVnYW50ZXMlMjBJbm5lbmRlc2lnbiUzQyUyRmgzJTNF[\/vc_raw_html][vc_column_text]Das Innere des Side-by-Side-K\u00fchlschranks wurde sorgf\u00e4ltig f\u00fcr Ihren Gebrauch und Komfort entworfen. Jede Einheit ist mit einer energiesparenden LED-Beleuchtung ausgestattet.[\/vc_column_text][\/vc_column][vc_column width=&#8220;1\/3&#8243; rt_bg_effect=&#8220;classic&#8220; rt_bg_image_repeat=&#8220;repeat&#8220; rt_bg_size=&#8220;auto auto&#8220; rt_bg_position=&#8220;right top&#8220; rt_bg_attachment=&#8220;scroll&#8220; rt_class=&#8220;rt-1575893&#8243; class=&#8220;overig-vak&#8220; rt_margins=&#8220;,&#8220; rt_paddings=&#8220;,,,&#8220; rt_wrapper_paddings=&#8220;,,,&#8220; rt_tablet_margins=&#8220;,&#8220; rt_tablet_paddings=&#8220;,,,&#8220; rt_tablet_wrapper_paddings=&#8220;,,,&#8220; rt_sp_margins=&#8220;,&#8220; rt_sp_paddings=&#8220;,,,&#8220; rt_sp_wrapper_paddings=&#8220;,,,&#8220; rt_bg_color=&#8220;&#8220; rt_bg_overlay_color=&#8220;&#8220;][vc_single_image image=&#8220;600&#8243; img_size=&#8220;full&#8220; alignment=&#8220;center&#8220;][vc_raw_html el_class=&#8220;title_box-2&#8243;]JTNDaDMlM0VMZWlzdHVuZ3NzdGFya2UlMjBEZXNvZG9yaWVydW5nJTNDJTJGaDMlM0U=[\/vc_raw_html][vc_column_text]Triple Power Filter entfernt Geruchskomponenten und 99 % der Bakterien.[\/vc_column_text][\/vc_column][\/vc_row][vc_row rt_row_background_width=&#8220;fullwidth&#8220; rt_row_content_width=&#8220;default&#8220; rt_row_style=&#8220;default-style&#8220; rt_row_height=&#8220;&#8220; rt_column_placement=&#8220;middle&#8220; rt_column_gaps=&#8220;&#8220; rt_row_shadows=&#8220;&#8220; id=&#8220;overige_1&#8243; rt_row_borders=&#8220;&#8220; rt_bg_effect=&#8220;classic&#8220; rt_bg_image_repeat=&#8220;repeat&#8220; rt_bg_size=&#8220;cover&#8220; rt_bg_position=&#8220;right top&#8220; rt_bg_attachment=&#8220;scroll&#8220; rt_bg_layer=&#8220;&#8220; rt_bg_video_format=&#8220;self-hosted&#8220; rt_class=&#8220;rt-4223660&#8243; rt_paddings=&#8220;,25,,&#8220; rt_margins=&#8220;,,,&#8220; rt_content_margins=&#8220;,,,&#8220; rt_tablet_paddings=&#8220;,,,&#8220; rt_tablet_margins=&#8220;,,,&#8220; rt_tablet_content_margins=&#8220;,,,&#8220; rt_sp_paddings=&#8220;,,,&#8220; rt_sp_margins=&#8220;,,,&#8220; rt_sp_content_margins=&#8220;,,,&#8220; class=&#8220;overig-row&#8220;][vc_column width=&#8220;2\/3&#8243; rt_bg_effect=&#8220;classic&#8220; rt_bg_image_repeat=&#8220;repeat&#8220; rt_bg_size=&#8220;auto auto&#8220; rt_bg_position=&#8220;right top&#8220; rt_bg_attachment=&#8220;scroll&#8220;][vc_raw_html el_class=&#8220;title_box-2&#8243;]JTNDaDMlM0VUcmlwbGUlMjBQb3dlciUyMEZpbHRlciUzQyUyRmgzJTNFJTBBJTNDaDQlM0VzYW1tZWx0JTIwdW5kJTIwZW50ZmVybnQlMjA3JTIwR2VydWNoc2tvbXBvbmVudGVuLiUzQyUyRmg0JTNF[\/vc_raw_html][vc_column_text](getestet von Hitachi.) Art der Ger\u00fcche: Methylmercaptan, Ammoniak, Acetaldehyd, Trimethylamin, Propanal, Hexanal und Essigs\u00e4ure). Dies ergibt auch eine sterile Wirkung. Die Kombination der Eigenschaften von Aktivkohle, Zeolith und Manganoxid (Katalysator), mit der der Filter den Anteil der vorhandenen Ger\u00fcche erheblich reduziert. Pr\u00fcforganisation: Boken Quality Evaluation Institute. Testverfahren: Filmadh\u00e4sionsverfahren (JISZ2801). Name der Verarbeitungskomponente: Filter. Sterilisationsverfahren: Anwendung: Oxidationskatalysator zum Filtern. Thema: Bakterien im Filter eingeschlossen. Testergebnisse: 99 % steril nach 24 Stunden, erreicht nur mit dem Filter. Keine Auswirkung auf die Umwelt und\/oder die Lebensmittel im K\u00fchlschrank.[\/vc_column_text][\/vc_column][vc_column css_animation=&#8220;fadeInRight&#8220; width=&#8220;1\/3&#8243; rt_bg_effect=&#8220;classic&#8220; rt_bg_image_repeat=&#8220;repeat&#8220; rt_bg_size=&#8220;auto auto&#8220; rt_bg_position=&#8220;right top&#8220; rt_bg_attachment=&#8220;scroll&#8220; rt_class=&#8220;rt-5027919&#8243; rt_margins=&#8220;,&#8220; rt_paddings=&#8220;,,,&#8220; rt_wrapper_paddings=&#8220;,,,&#8220; rt_tablet_margins=&#8220;,&#8220; rt_tablet_paddings=&#8220;,,,&#8220; rt_tablet_wrapper_paddings=&#8220;,,,&#8220; rt_sp_margins=&#8220;,&#8220; rt_sp_paddings=&#8220;,,,&#8220; rt_sp_wrapper_paddings=&#8220;,,,&#8220; rt_bg_color=&#8220;&#8220; rt_bg_overlay_color=&#8220;&#8220;][vc_single_image image=&#8220;604&#8243; img_size=&#8220;full&#8220; alignment=&#8220;center&#8220;][\/vc_column][\/vc_row][vc_row rt_row_background_width=&#8220;fullwidth&#8220; rt_row_content_width=&#8220;default&#8220; rt_row_style=&#8220;default-style&#8220; rt_row_height=&#8220;&#8220; rt_column_placement=&#8220;middle&#8220; rt_column_gaps=&#8220;&#8220; rt_row_shadows=&#8220;&#8220; id=&#8220;overige_3&#8243; rt_row_borders=&#8220;&#8220; rt_bg_effect=&#8220;classic&#8220; rt_bg_image_repeat=&#8220;repeat&#8220; rt_bg_size=&#8220;cover&#8220; rt_bg_position=&#8220;right top&#8220; rt_bg_attachment=&#8220;scroll&#8220; rt_bg_layer=&#8220;&#8220; rt_bg_video_format=&#8220;self-hosted&#8220; rt_class=&#8220;rt-7913326&#8243; rt_paddings=&#8220;,50,,&#8220; rt_margins=&#8220;,,,&#8220; rt_content_margins=&#8220;,,,&#8220; rt_tablet_paddings=&#8220;,,,&#8220; rt_tablet_margins=&#8220;,,,&#8220; rt_tablet_content_margins=&#8220;,,,&#8220; rt_sp_paddings=&#8220;,,,&#8220; rt_sp_margins=&#8220;,,,&#8220; rt_sp_content_margins=&#8220;,,,&#8220; class=&#8220;overig-row&#8220;][vc_column width=&#8220;2\/3&#8243; rt_bg_effect=&#8220;classic&#8220; rt_bg_image_repeat=&#8220;repeat&#8220; rt_bg_size=&#8220;auto auto&#8220; rt_bg_position=&#8220;right top&#8220; rt_bg_attachment=&#8220;scroll&#8220;]<div class=\"rt-heading-wrapper rt-6243386\">\n\t\t\t\t\t\t<h3 class=\"rt-heading\" >Einfache Aufbewahrung in Schubladen<\/h3>\n\t\t\t\t\t<\/div>[vc_column_text]Die Schubladen bieten eine \u00fcbersichtliche Anordnung, in der die Produkte auf einen Blick zu finden sind.[\/vc_column_text][\/vc_column][vc_column css_animation=&#8220;fadeInRight&#8220; width=&#8220;1\/3&#8243; rt_bg_effect=&#8220;classic&#8220; rt_bg_image_repeat=&#8220;repeat&#8220; rt_bg_size=&#8220;auto auto&#8220; rt_bg_position=&#8220;right top&#8220; rt_bg_attachment=&#8220;scroll&#8220; rt_class=&#8220;rt-9825536&#8243; rt_margins=&#8220;,&#8220; rt_paddings=&#8220;,,,&#8220; rt_wrapper_paddings=&#8220;,,,&#8220; rt_tablet_margins=&#8220;,&#8220; rt_tablet_paddings=&#8220;,,,&#8220; rt_tablet_wrapper_paddings=&#8220;,,,&#8220; rt_sp_margins=&#8220;,&#8220; rt_sp_paddings=&#8220;,,,&#8220; rt_sp_wrapper_paddings=&#8220;,,,&#8220; rt_bg_color=&#8220;&#8220; rt_bg_overlay_color=&#8220;&#8220;][vc_single_image image=&#8220;665&#8243; img_size=&#8220;full&#8220; alignment=&#8220;center&#8220;][\/vc_column][\/vc_row][vc_row rt_row_background_width=&#8220;fullwidth&#8220; rt_row_content_width=&#8220;default&#8220; rt_row_style=&#8220;default-style&#8220; rt_row_height=&#8220;&#8220; rt_column_placement=&#8220;middle&#8220; rt_column_gaps=&#8220;&#8220; rt_row_shadows=&#8220;&#8220; id=&#8220;overige_5&#8243; rt_row_borders=&#8220;&#8220; rt_bg_effect=&#8220;classic&#8220; rt_bg_image_repeat=&#8220;repeat&#8220; rt_bg_size=&#8220;cover&#8220; rt_bg_position=&#8220;right top&#8220; rt_bg_attachment=&#8220;scroll&#8220; rt_bg_layer=&#8220;&#8220; rt_bg_video_format=&#8220;self-hosted&#8220; rt_class=&#8220;rt-4691871&#8243; rt_paddings=&#8220;,50,,&#8220; rt_margins=&#8220;,,,&#8220; rt_content_margins=&#8220;,,,&#8220; rt_tablet_paddings=&#8220;,,,&#8220; rt_tablet_margins=&#8220;,,,&#8220; rt_tablet_content_margins=&#8220;,,,&#8220; rt_sp_paddings=&#8220;,,,&#8220; rt_sp_margins=&#8220;,,,&#8220; rt_sp_content_margins=&#8220;,,,&#8220; class=&#8220;overig-row&#8220;][vc_column width=&#8220;2\/3&#8243; rt_bg_effect=&#8220;classic&#8220; rt_bg_image_repeat=&#8220;repeat&#8220; rt_bg_size=&#8220;auto auto&#8220; rt_bg_position=&#8220;right top&#8220; rt_bg_attachment=&#8220;scroll&#8220;]<div class=\"rt-heading-wrapper rt-1914636\">\n\t\t\t\t\t\t<h3 class=\"rt-heading\" >Auf Komfort ausgelegt<\/h3>\n\t\t\t\t\t<\/div>[vc_column_text]<strong>Touchscreen-Bedienung<\/strong><\/p>\n<p>Mit der Touchscreen-Steuerung an der T\u00fcr k\u00f6nnen Sie die Einstellungen mit einer einfachen Ber\u00fchrung \u00e4ndern[\/vc_column_text][\/vc_column][vc_column css_animation=&#8220;fadeInRight&#8220; width=&#8220;1\/3&#8243; rt_bg_effect=&#8220;classic&#8220; rt_bg_image_repeat=&#8220;repeat&#8220; rt_bg_size=&#8220;auto auto&#8220; rt_bg_position=&#8220;right top&#8220; rt_bg_attachment=&#8220;scroll&#8220; rt_class=&#8220;rt-9825536&#8243; rt_margins=&#8220;,&#8220; rt_paddings=&#8220;,,,&#8220; rt_wrapper_paddings=&#8220;,,,&#8220; rt_tablet_margins=&#8220;,&#8220; rt_tablet_paddings=&#8220;,,,&#8220; rt_tablet_wrapper_paddings=&#8220;,,,&#8220; rt_sp_margins=&#8220;,&#8220; rt_sp_paddings=&#8220;,,,&#8220; rt_sp_wrapper_paddings=&#8220;,,,&#8220; rt_bg_color=&#8220;&#8220; rt_bg_overlay_color=&#8220;&#8220;][vc_single_image image=&#8220;496&#8243; img_size=&#8220;full&#8220; alignment=&#8220;center&#8220;][\/vc_column][\/vc_row]<\/p>\n","protected":false},"excerpt":{"rendered":"<p>[vc_row rt_row_background_width=&#8220;fullwidth&#8220; rt_row_content_width=&#8220;default&#8220; rt_row_style=&#8220;default-style&#8220; rt_row_height=&#8220;&#8220; rt_column_gaps=&#8220;&#8220; rt_row_shadows=&#8220;&#8220; rt_row_borders=&#8220;&#8220; rt_bg_effect=&#8220;classic&#8220; rt_bg_image_repeat=&#8220;repeat&#8220; rt_bg_size=&#8220;cover&#8220; rt_bg_position=&#8220;right top&#8220; rt_bg_attachment=&#8220;scroll&#8220; rt_bg_layer=&#8220;&#8220; rt_bg_video_format=&#8220;self-hosted&#8220; rt_class=&#8220;rt-2462365&#8243; class=&#8220;title-row&#8220; rt_paddings=&#8220;,,,&#8220; rt_margins=&#8220;,,,&#8220; rt_content_margins=&#8220;,,,&#8220; rt_tablet_paddings=&#8220;,,,&#8220; rt_tablet_margins=&#8220;,,,&#8220; rt_tablet_content_margins=&#8220;,,,&#8220; rt_sp_paddings=&#8220;,,,&#8220; rt_sp_margins=&#8220;,,,&#8220; rt_sp_content_margins=&#8220;,,,&#8220;][vc_column rt_bg_effect=&#8220;classic&#8220; rt_bg_image_repeat=&#8220;repeat&#8220; rt_bg_size=&#8220;auto auto&#8220; rt_bg_position=&#8220;right top&#8220; rt_bg_attachment=&#8220;scroll&#8220;][\/vc_column][\/vc_row][vc_row css_animation=&#8220;fadeInUp&#8220; rt_row_background_width=&#8220;fullwidth&#8220; rt_row_content_width=&#8220;default&#8220; rt_row_style=&#8220;default-style&#8220; rt_row_height=&#8220;&#8220; rt_column_gaps=&#8220;&#8220; rt_row_shadows=&#8220;&#8220; rt_row_borders=&#8220;&#8220; rt_bg_effect=&#8220;classic&#8220; rt_bg_image_repeat=&#8220;repeat&#8220; rt_bg_size=&#8220;cover&#8220; rt_bg_position=&#8220;right top&#8220; rt_bg_attachment=&#8220;scroll&#8220; rt_bg_layer=&#8220;&#8220; rt_bg_video_format=&#8220;self-hosted&#8220; rt_class=&#8220;rt-5333114&#8243; rt_paddings=&#8220;50,,,&#8220; rt_margins=&#8220;,,,&#8220; rt_content_margins=&#8220;,,,&#8220; rt_tablet_paddings=&#8220;,,,&#8220; [&hellip;]<\/p>\n","protected":false},"author":1,"featured_media":0,"parent":0,"menu_order":0,"comment_status":"closed","ping_status":"closed","template":"","meta":{"inline_featured_image":false,"footnotes":""},"class_list":["post-5089","page","type-page","status-publish","hentry"],"yoast_head":"<!-- This site is optimized with the Yoast SEO plugin v24.5 - https:\/\/yoast.com\/wordpress\/plugins\/seo\/ -->\n<title>Andere Funktionen - Hitachi Appliances<\/title>\n<meta name=\"description\" content=\"De topkoelkasten van Hitachi Appliances beschikken over de nieuwste technieken en functionaliteiten. Alle overige functies vindt u hier!\" \/>\n<meta name=\"robots\" content=\"index, follow, max-snippet:-1, max-image-preview:large, max-video-preview:-1\" \/>\n<link rel=\"canonical\" href=\"https:\/\/hitachi-appliances.eu\/de\/andere-funktionen\/\" \/>\n<meta property=\"og:locale\" content=\"de_DE\" \/>\n<meta property=\"og:type\" content=\"article\" \/>\n<meta property=\"og:title\" content=\"Andere Funktionen - Hitachi Appliances\" \/>\n<meta property=\"og:description\" content=\"De topkoelkasten van Hitachi Appliances beschikken over de nieuwste technieken en functionaliteiten. Alle overige functies vindt u hier!\" \/>\n<meta property=\"og:url\" content=\"https:\/\/hitachi-appliances.eu\/de\/andere-funktionen\/\" \/>\n<meta property=\"og:site_name\" content=\"Hitachi Appliances\" \/>\n<meta property=\"article:modified_time\" content=\"2023-05-01T09:26:54+00:00\" \/>\n<meta name=\"twitter:card\" content=\"summary_large_image\" \/>\n<meta name=\"twitter:label1\" content=\"Gesch\u00e4tzte Lesezeit\" \/>\n\t<meta name=\"twitter:data1\" content=\"3\u00a0Minuten\" \/>\n<script type=\"application\/ld+json\" class=\"yoast-schema-graph\">{\"@context\":\"https:\/\/schema.org\",\"@graph\":[{\"@type\":\"WebPage\",\"@id\":\"https:\/\/hitachi-appliances.eu\/de\/andere-funktionen\/\",\"url\":\"https:\/\/hitachi-appliances.eu\/de\/andere-funktionen\/\",\"name\":\"Andere Funktionen - Hitachi Appliances\",\"isPartOf\":{\"@id\":\"https:\/\/hitachi-appliances.eu\/#website\"},\"datePublished\":\"2022-03-29T12:56:54+00:00\",\"dateModified\":\"2023-05-01T09:26:54+00:00\",\"description\":\"De topkoelkasten van Hitachi Appliances beschikken over de nieuwste technieken en functionaliteiten. Alle overige functies vindt u hier!\",\"breadcrumb\":{\"@id\":\"https:\/\/hitachi-appliances.eu\/de\/andere-funktionen\/#breadcrumb\"},\"inLanguage\":\"de\",\"potentialAction\":[{\"@type\":\"ReadAction\",\"target\":[\"https:\/\/hitachi-appliances.eu\/de\/andere-funktionen\/\"]}]},{\"@type\":\"BreadcrumbList\",\"@id\":\"https:\/\/hitachi-appliances.eu\/de\/andere-funktionen\/#breadcrumb\",\"itemListElement\":[{\"@type\":\"ListItem\",\"position\":1,\"name\":\"Home\",\"item\":\"https:\/\/hitachi-appliances.eu\/de\/\"},{\"@type\":\"ListItem\",\"position\":2,\"name\":\"Andere Funktionen\"}]},{\"@type\":\"WebSite\",\"@id\":\"https:\/\/hitachi-appliances.eu\/#website\",\"url\":\"https:\/\/hitachi-appliances.eu\/\",\"name\":\"Hitachi Appliances\",\"description\":\"\",\"potentialAction\":[{\"@type\":\"SearchAction\",\"target\":{\"@type\":\"EntryPoint\",\"urlTemplate\":\"https:\/\/hitachi-appliances.eu\/?s={search_term_string}\"},\"query-input\":{\"@type\":\"PropertyValueSpecification\",\"valueRequired\":true,\"valueName\":\"search_term_string\"}}],\"inLanguage\":\"de\"}]}<\/script>\n<!-- \/ Yoast SEO plugin. -->","yoast_head_json":{"title":"Andere Funktionen - Hitachi Appliances","description":"De topkoelkasten van Hitachi Appliances beschikken over de nieuwste technieken en functionaliteiten. Alle overige functies vindt u hier!","robots":{"index":"index","follow":"follow","max-snippet":"max-snippet:-1","max-image-preview":"max-image-preview:large","max-video-preview":"max-video-preview:-1"},"canonical":"https:\/\/hitachi-appliances.eu\/de\/andere-funktionen\/","og_locale":"de_DE","og_type":"article","og_title":"Andere Funktionen - Hitachi Appliances","og_description":"De topkoelkasten van Hitachi Appliances beschikken over de nieuwste technieken en functionaliteiten. Alle overige functies vindt u hier!","og_url":"https:\/\/hitachi-appliances.eu\/de\/andere-funktionen\/","og_site_name":"Hitachi Appliances","article_modified_time":"2023-05-01T09:26:54+00:00","twitter_card":"summary_large_image","twitter_misc":{"Gesch\u00e4tzte Lesezeit":"3\u00a0Minuten"},"schema":{"@context":"https:\/\/schema.org","@graph":[{"@type":"WebPage","@id":"https:\/\/hitachi-appliances.eu\/de\/andere-funktionen\/","url":"https:\/\/hitachi-appliances.eu\/de\/andere-funktionen\/","name":"Andere Funktionen - Hitachi Appliances","isPartOf":{"@id":"https:\/\/hitachi-appliances.eu\/#website"},"datePublished":"2022-03-29T12:56:54+00:00","dateModified":"2023-05-01T09:26:54+00:00","description":"De topkoelkasten van Hitachi Appliances beschikken over de nieuwste technieken en functionaliteiten. Alle overige functies vindt u hier!","breadcrumb":{"@id":"https:\/\/hitachi-appliances.eu\/de\/andere-funktionen\/#breadcrumb"},"inLanguage":"de","potentialAction":[{"@type":"ReadAction","target":["https:\/\/hitachi-appliances.eu\/de\/andere-funktionen\/"]}]},{"@type":"BreadcrumbList","@id":"https:\/\/hitachi-appliances.eu\/de\/andere-funktionen\/#breadcrumb","itemListElement":[{"@type":"ListItem","position":1,"name":"Home","item":"https:\/\/hitachi-appliances.eu\/de\/"},{"@type":"ListItem","position":2,"name":"Andere Funktionen"}]},{"@type":"WebSite","@id":"https:\/\/hitachi-appliances.eu\/#website","url":"https:\/\/hitachi-appliances.eu\/","name":"Hitachi Appliances","description":"","potentialAction":[{"@type":"SearchAction","target":{"@type":"EntryPoint","urlTemplate":"https:\/\/hitachi-appliances.eu\/?s={search_term_string}"},"query-input":{"@type":"PropertyValueSpecification","valueRequired":true,"valueName":"search_term_string"}}],"inLanguage":"de"}]}},"_links":{"self":[{"href":"https:\/\/hitachi-appliances.eu\/de\/wp-json\/wp\/v2\/pages\/5089","targetHints":{"allow":["GET"]}}],"collection":[{"href":"https:\/\/hitachi-appliances.eu\/de\/wp-json\/wp\/v2\/pages"}],"about":[{"href":"https:\/\/hitachi-appliances.eu\/de\/wp-json\/wp\/v2\/types\/page"}],"author":[{"embeddable":true,"href":"https:\/\/hitachi-appliances.eu\/de\/wp-json\/wp\/v2\/users\/1"}],"replies":[{"embeddable":true,"href":"https:\/\/hitachi-appliances.eu\/de\/wp-json\/wp\/v2\/comments?post=5089"}],"version-history":[{"count":2,"href":"https:\/\/hitachi-appliances.eu\/de\/wp-json\/wp\/v2\/pages\/5089\/revisions"}],"predecessor-version":[{"id":5091,"href":"https:\/\/hitachi-appliances.eu\/de\/wp-json\/wp\/v2\/pages\/5089\/revisions\/5091"}],"wp:attachment":[{"href":"https:\/\/hitachi-appliances.eu\/de\/wp-json\/wp\/v2\/media?parent=5089"}],"curies":[{"name":"wp","href":"https:\/\/api.w.org\/{rel}","templated":true}]}}