{"id":5160,"date":"2022-03-22T14:12:20","date_gmt":"2022-03-22T13:12:20","guid":{"rendered":"https:\/\/hitachi-appliances.eu\/privacyverklaring\/"},"modified":"2023-05-01T15:04:18","modified_gmt":"2023-05-01T13:04:18","slug":"datenschutzerklaerung","status":"publish","type":"page","link":"https:\/\/hitachi-appliances.eu\/de\/datenschutzerklaerung\/","title":{"rendered":"Datenschutzerkl\u00e4rung"},"content":{"rendered":"<p>[vc_row rt_row_background_width=&#8220;fullwidth&#8220; rt_row_content_width=&#8220;default&#8220; rt_row_style=&#8220;default-style&#8220; rt_row_height=&#8220;&#8220; rt_column_gaps=&#8220;&#8220; rt_row_shadows=&#8220;&#8220; rt_row_borders=&#8220;&#8220; rt_bg_effect=&#8220;classic&#8220; rt_bg_image_repeat=&#8220;repeat&#8220; rt_bg_size=&#8220;cover&#8220; rt_bg_position=&#8220;right top&#8220; rt_bg_attachment=&#8220;scroll&#8220; rt_bg_layer=&#8220;&#8220; rt_bg_video_format=&#8220;self-hosted&#8220; rt_class=&#8220;rt-7773212&#8243; rt_paddings=&#8220;,50,,&#8220; rt_margins=&#8220;,,,&#8220; rt_content_margins=&#8220;,,,&#8220; rt_tablet_paddings=&#8220;,,,&#8220; rt_tablet_margins=&#8220;,,,&#8220; rt_tablet_content_margins=&#8220;,,,&#8220; rt_sp_paddings=&#8220;,,,&#8220; rt_sp_margins=&#8220;,,,&#8220; rt_sp_content_margins=&#8220;,,,&#8220;][vc_column rt_bg_effect=&#8220;classic&#8220; rt_bg_image_repeat=&#8220;repeat&#8220; rt_bg_size=&#8220;auto auto&#8220; rt_bg_position=&#8220;right top&#8220; rt_bg_attachment=&#8220;scroll&#8220;][vc_column_text]<\/p>\n<h1>AVG Hitachi-appliances<\/h1>\n<h3>Einf\u00fchrung<\/h3>\n<p>Hitachi Appliances verarbeitet personenbezogene Daten seiner Kunden, potenziellen Kunden und anderer Kontaktpersonen. Wir tun dies, um jede Vereinbarung ausf\u00fchren zu k\u00f6nnen. In dieser Datenschutzerkl\u00e4rung erl\u00e4utern wir, warum und wie wir Ihre personenbezogenen Daten verarbeiten.<\/p>\n<p>Wir besch\u00e4ftigen keinen Datenschutzbeauftragten, beantworten aber gerne alle Fragen zu unserer Datenschutzerkl\u00e4rung <a href=\"mailto:info@Hitachi-appliances.nl\">info@Hitachi-appliances.nl<\/a>.<\/p>\n<h3>Welche personenbezogenen Daten verarbeiten Hitachi-Ger\u00e4te?<\/h3>\n<p>Nachfolgend finden Sie eine \u00dcbersicht \u00fcber die personenbezogenen Daten, die wir verarbeiten k\u00f6nnen, abh\u00e4ngig von den Produkten oder Dienstleistungen, die Sie kaufen oder verwenden:<\/p>\n<ul>\n<li>Vor-und Nachname<\/li>\n<li>Adresse<\/li>\n<li>Residenz<\/li>\n<li>Telefonnummer<\/li>\n<li>E-Mail-Addresse<\/li>\n<li>Name der Firma<\/li>\n<li>Adressdaten des Unternehmens<\/li>\n<li>Standortdaten<\/li>\n<li>Umsatzsteuer-Identifikationsnummer<\/li>\n<li>Kontakthistorie<\/li>\n<\/ul>\n<p>Andere personenbezogene Daten, die Sie aktiv bereitstellen, beispielsweise durch Registrierung auf unserer Website, in der Korrespondenz und per Telefon.<\/p>\n<ul>\n<li>Rechtliche Anforderungen<\/li>\n<\/ul>\n<p>Ein kleiner Teil unserer Verarbeitung ist gesetzlich vorgeschrieben. Dies betrifft haupts\u00e4chlich personenbezogene Daten, die zur Erf\u00fcllung unserer Steuerpflichten erforderlich sind.<\/p>\n<ul>\n<li>Newsletter und Mailings<\/li>\n<\/ul>\n<p>Wir versenden gelegentlich Newsletter und\/oder Mailings. Manchmal sind diese basierend auf bestimmten Aktionen, die Sie durchgef\u00fchrt haben, oder Produkten und\/oder Dienstleistungen, die Sie bei uns kaufen, personalisiert. Sie haben jederzeit die M\u00f6glichkeit, Ihre Pr\u00e4ferenzen f\u00fcr den Erhalt von Newslettern und Mailings anzupassen.<\/p>\n<h3>Automatisierte Entscheidungsfindung<\/h3>\n<p>Hitachi-Appliances treffen keine Entscheidungen auf der Grundlage automatisierter Verarbeitung (Algorithmen), die nachteilige Folgen f\u00fcr Sie haben k\u00f6nnten.<\/p>\n<h3>Rechte der betroffenen Personen<\/h3>\n<p>Jeder hat eine Reihe von Rechten nach der DSGVO. Wir tun unser Bestes, um dies so gut wie m\u00f6glich einzuhalten. Haben Sie Tipps oder Anmerkungen? Lass uns wissen! Um Ihre Rechte auszu\u00fcben, k\u00f6nnen Sie uns unter kontaktieren <a href=\"mailto:info@Hitachi-appliances.nl\">info@Hitachi-appliances.nl<\/a>.<\/p>\n<ul>\n<li><strong>Auskunft und Einsicht:<\/strong> Selbstverst\u00e4ndlich k\u00f6nnen Sie einsehen, welche personenbezogenen Daten wir von Ihnen verarbeiten. Daher teilen wir Ihnen gerne mehr dar\u00fcber mit, wie und warum wir diese Daten verarbeiten.<\/li>\n<li><strong>Berichtigung:<\/strong> Haben Sie den Eindruck, dass wir falsche Informationen \u00fcber Sie haben? Lassen Sie es uns wissen und wir passen es an.<\/li>\n<li><strong>Vergessenheit:<\/strong> Sie k\u00f6nnen die personenbezogenen Daten, die wir \u00fcber Sie gespeichert haben, l\u00f6schen. Wir m\u00fcssen diese Daten m\u00f6glicherweise noch f\u00fcr andere Zwecke verarbeiten (z. B. Verwaltung oder Deduplizierung).<\/li>\n<li><strong>Einschr\u00e4nkung:<\/strong> Wenn Sie den Eindruck haben, dass wir Ihre personenbezogenen Daten rechtswidrig oder falsch verarbeiten, k\u00f6nnen Sie diese Verarbeitung auch einschr\u00e4nken lassen.<\/li>\n<li><strong>Widerspruch (Widerspruch):<\/strong> Sie k\u00f6nnen der Verarbeitung Ihrer personenbezogenen Daten widersprechen. Geht es um Marketing? Dann werden wir diese Verarbeitung so schnell wie m\u00f6glich beenden.<\/li>\n<li><strong>\u00dcbertragbarkeit:<\/strong>\u00a0Dies ist ein neues Recht gem\u00e4\u00df AVG, Ihre personenbezogenen Daten zu \u00fcbertragen (oder \u00fcbertragen zu lassen). Wenn Sie davon Gebrauch machen m\u00f6chten, kontaktieren Sie uns bitte.<\/li>\n<\/ul>\n<p>Daarnaast kunt u ook:<\/p>\n<ul>\n<li><strong>Einwilligung widerrufen: <\/strong>zum Beispiel f\u00fcr den Empfang von E-Mails. Wenn Sie die Erlaubnis f\u00fcr eine andere Verarbeitung widerrufen m\u00f6chten, k\u00f6nnen Sie uns kontaktieren. Dies kann durch erfolgen\u00a0<a href=\"mailto:info@Hitachi-appliances.nl\">info@Hitachi-appliances.nl<\/a>.<\/li>\n<li><strong>Reichen Sie eine Beschwerde bei der niederl\u00e4ndischen Datenschutzbeh\u00f6rde (AP) ein: <\/strong>Denken Sie, dass wir nicht in \u00dcbereinstimmung mit den Datenschutzgesetzen handeln? Dann w\u00fcrden wir das nat\u00fcrlich gerne h\u00f6ren. Sie k\u00f6nnen dies auch beim AP reklamieren.<\/li>\n<\/ul>\n<h3>Wie lange speichern wir Ihre personenbezogenen Daten?<\/h3>\n<p>Personenbezogene Daten d\u00fcrfen nicht l\u00e4nger als n\u00f6tig aufbewahrt werden. Die Aufbewahrungsfrist h\u00e4ngt von dem Zweck ab, f\u00fcr den wir die Daten erhalten oder erhoben haben, und von etwaigen gesetzlichen Aufbewahrungspflichten.<\/p>\n<p>Wenn Sie ein Angebot von uns angefordert haben, aber kein Kunde bei uns geworden sind, l\u00f6schen wir Ihre Daten sp\u00e4testens zwei Jahre nach unserem letzten Kontakt. Auch wenn wir ein Angebot von Ihnen erhalten haben, aber nicht Ihr Kunde geworden sind, werden Ihre personenbezogenen Daten sp\u00e4testens zwei Jahre nach unserem letzten Kontakt gel\u00f6scht. Wenn Sie unser Kunde geworden sind oder wenn wir Ihr Kunde geworden sind, speichern wir Ihre personenbezogenen Daten f\u00fcr einen Zeitraum von sieben Jahren nach Ablauf des Gesch\u00e4ftsjahres, in dem der Vertrag mit Ihnen vollst\u00e4ndig erf\u00fcllt wurde. Der Zeitraum von sieben Jahren entspricht der Frist, innerhalb derer wir verpflichtet sind, unsere Aufzeichnungen gegen\u00fcber den Finanzbeh\u00f6rden aufzubewahren. Nach Ablauf dieser Frist l\u00f6schen wir Ihre personenbezogenen Daten.<\/p>\n<h3>Grundlage der Verarbeitung:<\/h3>\n<p>Wie oben erl\u00e4utert, verarbeiten wir einige Daten zur Erf\u00fcllung einer rechtlichen Verpflichtung, einige zur Erf\u00fcllung eines Vertrags und die meisten zur Erf\u00fcllung des berechtigten Interesses von Hitachi Appliances: zur Erf\u00fcllung unseres Zwecks. Wenn Sie mehr dar\u00fcber erfahren m\u00f6chten, wie wir das berechtigte Interesse ber\u00fccksichtigen, kontaktieren Sie uns bitte.<\/p>\n<p>Weitergabe an Dritte<\/p>\n<p>Im Zusammenhang mit der Durchf\u00fchrung einer m\u00f6glichen Vereinbarung mit Ihnen m\u00fcssen wir m\u00f6glicherweise Ihre personenbezogenen Daten an Parteien weitergeben, die uns Produkte und\/oder Dienstleistungen liefern oder in unserem Auftrag arbeiten. Wir verwenden auch externen Serverplatz f\u00fcr die Speicherung (von Teilen) unserer Verkaufs- und Einkaufsverwaltung, die Ihre personenbezogenen Daten umfasst. Ihre personenbezogenen Daten werden daher unserem Serverplatzanbieter zur Verf\u00fcgung gestellt.<\/p>\n<h3>So sch\u00fctzen Hitachi-Appliances Ihre pers\u00f6nlichen Daten<\/h3>\n<p>Wir nehmen den Schutz Ihrer Daten ernst und ergreifen geeignete Ma\u00dfnahmen, um Missbrauch, Verlust, unbefugten Zugriff, unerw\u00fcnschte Offenlegung und unbefugte \u00c4nderung zu verhindern. Wenn Sie der Meinung sind, dass Ihre Daten nicht ausreichend gesichert sind oder Hinweise auf Missbrauch vorliegen, kontaktieren Sie uns bitte unter <a href=\"mailto:info@Hitachi-appliances.nl\">info@Hitachi-appliances.nl<\/a>.<\/p>\n<p>Wir haben die folgenden Ma\u00dfnahmen ergriffen, um Ihre personenbezogenen Daten zu sch\u00fctzen:<\/p>\n<ul>\n<li>Die Server und Ger\u00e4te unserer Mitarbeiter sind mit aktueller Sicherheitssoftware wie Virenscanner und Firewall ausgestattet.<\/li>\n<li>Wir versenden Ihre Daten nur \u00fcber sichere Internetverbindungen (SSL). Sie erkennen dies an der Adressleiste \u201ehttps\u201c und dem Vorh\u00e4ngeschloss.<\/li>\n<li>Der Zugriff auf personenbezogene Daten von Mobilger\u00e4ten ist eingeschr\u00e4nkt und wird aktiv \u00fcberwacht.<\/li>\n<\/ul>\n<p>DKIM sind Internetstandards, die wir verwenden, um zu verhindern, dass Sie in unserem Auftrag E-Mails erhalten, die Viren enthalten, Spam sind oder pers\u00f6nliche (Anmelde-)Daten erhalten sollen.<\/p>\n<h1>Cookieverklaring<\/h1>\n<p>Hitachi-Ger\u00e4te verwenden Cookies. Wir tun dies, um \u00fcber die Wartung der Website auf dem Laufenden zu bleiben und den Website-Verkehr mithilfe von Google Analytics zu analysieren.<\/p>\n<h1>Cookiebeleid<\/h1>\n<p><strong>Arten von Cookies, die auf der Website von Hitachi Appliances verwendet werden:<\/strong><\/p>\n<ol>\n<li><strong>Functionele cookies<\/strong><\/li>\n<\/ol>\n<p>Die Cookies, die f\u00fcr das ordnungsgem\u00e4\u00dfe Funktionieren der Website erforderlich sind oder die Ihnen die Nutzung der Website erleichtern. Denken Sie beispielsweise daran, Ihre Anmeldedaten zu speichern, damit Sie sich nicht jedes Mal neu anmelden m\u00fcssen. Unter funktionale Cookies f\u00e4llt beispielsweise auch das Schlie\u00dfen der Cookie-Benachrichtigung.<\/p>\n<ol>\n<li><strong>Analytische cookies<\/strong><\/li>\n<\/ol>\n<p>Dit zijn cookies die worden geplaatst om het gedrag van de bezoeker op deze website te meten en zo te kunnen analyseren. We gebruiken deze informatie om de website zo optimaal mogelijk te maken. Er worden geen persoons of privacy gevoelige gegevens opgeslagen bij deze functie.[\/vc_column_text][\/vc_column][\/vc_row]<\/p>\n","protected":false},"excerpt":{"rendered":"<p>[vc_row rt_row_background_width=&#8220;fullwidth&#8220; rt_row_content_width=&#8220;default&#8220; rt_row_style=&#8220;default-style&#8220; rt_row_height=&#8220;&#8220; rt_column_gaps=&#8220;&#8220; rt_row_shadows=&#8220;&#8220; rt_row_borders=&#8220;&#8220; rt_bg_effect=&#8220;classic&#8220; rt_bg_image_repeat=&#8220;repeat&#8220; rt_bg_size=&#8220;cover&#8220; rt_bg_position=&#8220;right top&#8220; rt_bg_attachment=&#8220;scroll&#8220; rt_bg_layer=&#8220;&#8220; rt_bg_video_format=&#8220;self-hosted&#8220; rt_class=&#8220;rt-7773212&#8243; rt_paddings=&#8220;,50,,&#8220; rt_margins=&#8220;,,,&#8220; rt_content_margins=&#8220;,,,&#8220; rt_tablet_paddings=&#8220;,,,&#8220; rt_tablet_margins=&#8220;,,,&#8220; rt_tablet_content_margins=&#8220;,,,&#8220; rt_sp_paddings=&#8220;,,,&#8220; rt_sp_margins=&#8220;,,,&#8220; rt_sp_content_margins=&#8220;,,,&#8220;][vc_column rt_bg_effect=&#8220;classic&#8220; rt_bg_image_repeat=&#8220;repeat&#8220; rt_bg_size=&#8220;auto auto&#8220; rt_bg_position=&#8220;right top&#8220; rt_bg_attachment=&#8220;scroll&#8220;][vc_column_text] AVG Hitachi-appliances Einf\u00fchrung Hitachi Appliances verarbeitet personenbezogene Daten seiner Kunden, potenziellen Kunden und anderer Kontaktpersonen. Wir tun dies, um jede Vereinbarung ausf\u00fchren [&hellip;]<\/p>\n","protected":false},"author":1,"featured_media":0,"parent":0,"menu_order":0,"comment_status":"closed","ping_status":"closed","template":"","meta":{"inline_featured_image":false,"footnotes":""},"class_list":["post-5160","page","type-page","status-publish","hentry"],"yoast_head":"<!-- This site is optimized with the Yoast SEO plugin v24.5 - https:\/\/yoast.com\/wordpress\/plugins\/seo\/ -->\n<title>Datenschutzerkl\u00e4rung - Hitachi Appliances<\/title>\n<meta name=\"description\" content=\"Hitachi-appliances verwerkt persoonsgegevens van klanten, potenti\u00eble klanten en andere contactpersonen. Bekijk hier onze privacyverklaring.\" \/>\n<meta name=\"robots\" content=\"index, follow, max-snippet:-1, max-image-preview:large, max-video-preview:-1\" \/>\n<link rel=\"canonical\" href=\"https:\/\/hitachi-appliances.eu\/de\/datenschutzerklaerung\/\" \/>\n<meta property=\"og:locale\" content=\"de_DE\" \/>\n<meta property=\"og:type\" content=\"article\" \/>\n<meta property=\"og:title\" content=\"Datenschutzerkl\u00e4rung - Hitachi Appliances\" \/>\n<meta property=\"og:description\" content=\"Hitachi-appliances verwerkt persoonsgegevens van klanten, potenti\u00eble klanten en andere contactpersonen. Bekijk hier onze privacyverklaring.\" \/>\n<meta property=\"og:url\" content=\"https:\/\/hitachi-appliances.eu\/de\/datenschutzerklaerung\/\" \/>\n<meta property=\"og:site_name\" content=\"Hitachi Appliances\" \/>\n<meta property=\"article:modified_time\" content=\"2023-05-01T13:04:18+00:00\" \/>\n<meta name=\"twitter:card\" content=\"summary_large_image\" \/>\n<meta name=\"twitter:label1\" content=\"Gesch\u00e4tzte Lesezeit\" \/>\n\t<meta name=\"twitter:data1\" content=\"6\u00a0Minuten\" \/>\n<script type=\"application\/ld+json\" class=\"yoast-schema-graph\">{\"@context\":\"https:\/\/schema.org\",\"@graph\":[{\"@type\":\"WebPage\",\"@id\":\"https:\/\/hitachi-appliances.eu\/de\/datenschutzerklaerung\/\",\"url\":\"https:\/\/hitachi-appliances.eu\/de\/datenschutzerklaerung\/\",\"name\":\"Datenschutzerkl\u00e4rung - Hitachi Appliances\",\"isPartOf\":{\"@id\":\"https:\/\/hitachi-appliances.eu\/#website\"},\"datePublished\":\"2022-03-22T13:12:20+00:00\",\"dateModified\":\"2023-05-01T13:04:18+00:00\",\"description\":\"Hitachi-appliances verwerkt persoonsgegevens van klanten, potenti\u00eble klanten en andere contactpersonen. Bekijk hier onze privacyverklaring.\",\"breadcrumb\":{\"@id\":\"https:\/\/hitachi-appliances.eu\/de\/datenschutzerklaerung\/#breadcrumb\"},\"inLanguage\":\"de\",\"potentialAction\":[{\"@type\":\"ReadAction\",\"target\":[\"https:\/\/hitachi-appliances.eu\/de\/datenschutzerklaerung\/\"]}]},{\"@type\":\"BreadcrumbList\",\"@id\":\"https:\/\/hitachi-appliances.eu\/de\/datenschutzerklaerung\/#breadcrumb\",\"itemListElement\":[{\"@type\":\"ListItem\",\"position\":1,\"name\":\"Home\",\"item\":\"https:\/\/hitachi-appliances.eu\/de\/\"},{\"@type\":\"ListItem\",\"position\":2,\"name\":\"Datenschutzerkl\u00e4rung\"}]},{\"@type\":\"WebSite\",\"@id\":\"https:\/\/hitachi-appliances.eu\/#website\",\"url\":\"https:\/\/hitachi-appliances.eu\/\",\"name\":\"Hitachi Appliances\",\"description\":\"\",\"potentialAction\":[{\"@type\":\"SearchAction\",\"target\":{\"@type\":\"EntryPoint\",\"urlTemplate\":\"https:\/\/hitachi-appliances.eu\/?s={search_term_string}\"},\"query-input\":{\"@type\":\"PropertyValueSpecification\",\"valueRequired\":true,\"valueName\":\"search_term_string\"}}],\"inLanguage\":\"de\"}]}<\/script>\n<!-- \/ Yoast SEO plugin. -->","yoast_head_json":{"title":"Datenschutzerkl\u00e4rung - Hitachi Appliances","description":"Hitachi-appliances verwerkt persoonsgegevens van klanten, potenti\u00eble klanten en andere contactpersonen. Bekijk hier onze privacyverklaring.","robots":{"index":"index","follow":"follow","max-snippet":"max-snippet:-1","max-image-preview":"max-image-preview:large","max-video-preview":"max-video-preview:-1"},"canonical":"https:\/\/hitachi-appliances.eu\/de\/datenschutzerklaerung\/","og_locale":"de_DE","og_type":"article","og_title":"Datenschutzerkl\u00e4rung - Hitachi Appliances","og_description":"Hitachi-appliances verwerkt persoonsgegevens van klanten, potenti\u00eble klanten en andere contactpersonen. Bekijk hier onze privacyverklaring.","og_url":"https:\/\/hitachi-appliances.eu\/de\/datenschutzerklaerung\/","og_site_name":"Hitachi Appliances","article_modified_time":"2023-05-01T13:04:18+00:00","twitter_card":"summary_large_image","twitter_misc":{"Gesch\u00e4tzte Lesezeit":"6\u00a0Minuten"},"schema":{"@context":"https:\/\/schema.org","@graph":[{"@type":"WebPage","@id":"https:\/\/hitachi-appliances.eu\/de\/datenschutzerklaerung\/","url":"https:\/\/hitachi-appliances.eu\/de\/datenschutzerklaerung\/","name":"Datenschutzerkl\u00e4rung - Hitachi Appliances","isPartOf":{"@id":"https:\/\/hitachi-appliances.eu\/#website"},"datePublished":"2022-03-22T13:12:20+00:00","dateModified":"2023-05-01T13:04:18+00:00","description":"Hitachi-appliances verwerkt persoonsgegevens van klanten, potenti\u00eble klanten en andere contactpersonen. Bekijk hier onze privacyverklaring.","breadcrumb":{"@id":"https:\/\/hitachi-appliances.eu\/de\/datenschutzerklaerung\/#breadcrumb"},"inLanguage":"de","potentialAction":[{"@type":"ReadAction","target":["https:\/\/hitachi-appliances.eu\/de\/datenschutzerklaerung\/"]}]},{"@type":"BreadcrumbList","@id":"https:\/\/hitachi-appliances.eu\/de\/datenschutzerklaerung\/#breadcrumb","itemListElement":[{"@type":"ListItem","position":1,"name":"Home","item":"https:\/\/hitachi-appliances.eu\/de\/"},{"@type":"ListItem","position":2,"name":"Datenschutzerkl\u00e4rung"}]},{"@type":"WebSite","@id":"https:\/\/hitachi-appliances.eu\/#website","url":"https:\/\/hitachi-appliances.eu\/","name":"Hitachi Appliances","description":"","potentialAction":[{"@type":"SearchAction","target":{"@type":"EntryPoint","urlTemplate":"https:\/\/hitachi-appliances.eu\/?s={search_term_string}"},"query-input":{"@type":"PropertyValueSpecification","valueRequired":true,"valueName":"search_term_string"}}],"inLanguage":"de"}]}},"_links":{"self":[{"href":"https:\/\/hitachi-appliances.eu\/de\/wp-json\/wp\/v2\/pages\/5160","targetHints":{"allow":["GET"]}}],"collection":[{"href":"https:\/\/hitachi-appliances.eu\/de\/wp-json\/wp\/v2\/pages"}],"about":[{"href":"https:\/\/hitachi-appliances.eu\/de\/wp-json\/wp\/v2\/types\/page"}],"author":[{"embeddable":true,"href":"https:\/\/hitachi-appliances.eu\/de\/wp-json\/wp\/v2\/users\/1"}],"replies":[{"embeddable":true,"href":"https:\/\/hitachi-appliances.eu\/de\/wp-json\/wp\/v2\/comments?post=5160"}],"version-history":[{"count":1,"href":"https:\/\/hitachi-appliances.eu\/de\/wp-json\/wp\/v2\/pages\/5160\/revisions"}],"predecessor-version":[{"id":5163,"href":"https:\/\/hitachi-appliances.eu\/de\/wp-json\/wp\/v2\/pages\/5160\/revisions\/5163"}],"wp:attachment":[{"href":"https:\/\/hitachi-appliances.eu\/de\/wp-json\/wp\/v2\/media?parent=5160"}],"curies":[{"name":"wp","href":"https:\/\/api.w.org\/{rel}","templated":true}]}}